{"id":42,"date":"2021-02-06T10:23:36","date_gmt":"2021-02-06T10:23:36","guid":{"rendered":"https:\/\/runadsboost.re\/?page_id=42"},"modified":"2021-02-06T10:23:36","modified_gmt":"2021-02-06T10:23:36","slug":"7-conseils-pour-bien-utiliser-les-stories-facebook","status":"publish","type":"page","link":"https:\/\/runadsboost.re\/?page_id=42","title":{"rendered":"7 conseils pour bien utiliser les stories Facebook"},"content":{"rendered":"<p><a href=\"https:\/\/www.facebook.com\/business\/news\/insights\/why-stories-is-a-format-that-can-help-marketers-promote-brands\" target=\"_blank\" rel=\"noopener noreferrer\">62 %<\/a>\u00a0des utilisateurs Facebook s\u2019int\u00e9ressent \u00e0 un produit ou une marque apr\u00e8s l\u2019avoir vu dans les stories.\u00a0<a href=\"https:\/\/sproutsocial.com\/insights\/facebook-stats-for-marketers\/\" target=\"_blank\" rel=\"noopener noreferrer\">300 millions<\/a>\u00a0d\u2019entre eux en postent chaque jour.<\/p>\n<p>Les stories Facebook permettent de contourner la baisse continue de la port\u00e9e organique sur la plateforme. Gr\u00e2ce \u00e0 elles, vos abonn\u00e9s gardent un lien avec vos contenus, renfor\u00e7ant ainsi l\u2019engagement et la notori\u00e9t\u00e9 de votre marque.<\/p>\n<p>Alors, comment bien utiliser les stories dans votre communication\u00a0? Cap sur nos conseils\u00a0!<\/p>\n<p>\u00a0<\/p>\n<h2>1. Entrez dans le vif du sujet<\/h2>\n<p>Les photos publi\u00e9es dans les stories Facebook s\u2019affichent 5 secondes et les vid\u00e9os peuvent durer 20 secondes. Ce qui vous laisse une marge limit\u00e9e pour faire passer votre message.<\/p>\n<p>Pour une story performante, commencez avec un \u00e9l\u00e9ment fort\u00a0: un chiffre, une question, une citation, un probl\u00e8me\u2026 Bref, une punchline qui va captiver votre audience imm\u00e9diatement. Ce qui signifie vous devez parfaitement conna\u00eetre vos persona\u00a0!<\/p>\n<p>C\u2019est d\u2019autant plus important si votre story a pour objectif de promouvoir un produit ou un service et donc, de g\u00e9n\u00e9rer des ventes.<\/p>\n<div class=\"su-service-title\">Attention<\/div>\n<div class=\"su-service-content su-u-clearfix su-u-trim\">\u00c9vitez d\u2019indiquer le prix. Celui-ci peut \u00eatre un frein \u00e0 l\u2019achat. Vous devez d\u2019abord captiver vos abonn\u00e9s en d\u00e9montrant \u00e0 quel point votre offre est exceptionnelle.<\/div>\n<div class=\"su-service-content su-u-clearfix su-u-trim\">\n<h2>2. Ajouter du son \u00e0 vos stories<\/h2>\n<p>D\u2019apr\u00e8s Facebook,\u00a0<a href=\"https:\/\/www.facebook.com\/business\/news\/insights\/how-to-unlock-your-creative-potential-on-stories\" target=\"_blank\" rel=\"noopener noreferrer\">80%<\/a>\u00a0des stories contenant une voix off ou de la musique sont plus performantes. Ces \u00e9l\u00e9ments gardent \u00e9veill\u00e9e votre audience, ce qui rend votre story plus captivante.<\/p>\n<p>Cependant, votre message doit aussi passer aupr\u00e8s des personnes qui la visionnent avec le son coup\u00e9.<\/p>\n<p>L\u2019ambiance sonore doit donc \u00eatre un \u00ab\u00a0plus\u00a0\u00bb et non un \u00e9l\u00e9ment essentiel de l\u2019histoire.<\/p>\n<h2>3. Miser sur la vitesse pour faire court en restant cr\u00e9atif<\/h2>\n<p>Les stories font partie des snack-contents. C\u2019est le genre de publication qu\u2019on consulte \u00e0 la pause d\u00e9jeuner, entre deux rendez-vous ou en attendant le bus. Gardez \u00e7a en t\u00eate au moment de sa construction\u00a0!<\/p>\n<p>D\u2019ailleurs, d\u2019apr\u00e8s Facebook, les stories de moins de 10 secondes g\u00e9n\u00e8rent plus d\u2019engagement.<\/p>\n<p>Afin de faire passer votre message vite et bien, empilez plusieurs images en acc\u00e9l\u00e9r\u00e9. Cette bonne pratique est souvent utilis\u00e9e pour les tutoriels, recettes ou listes de conseils.<\/p>\n<p>\u00a0<\/p>\n<h2>4. Trouver le bon timing et la bonne fr\u00e9quence de publication<\/h2>\n<p>Quel est le meilleur moment pour publier des stories Facebook ? Cette question n\u2019a pas de r\u00e9ponse pr\u00e9cise, car cela d\u00e9pend de votre audience, ainsi que de vos produits. Si vous vendez des c\u00e9r\u00e9ales du petit-d\u00e9jeuner, il est \u00e9vident que le meilleur horaire est t\u00f4t le matin\u00a0!<\/p>\n<p>N\u00e9anmoins, les stories ont une dur\u00e9e de vie de 24 heures. Ce qui leur permet d\u2019\u00eatre visibles au sommet des feeds pendant une journ\u00e9e. Comme toujours, le mieux est de tenter plusieurs plages horaires et d\u2019analyser les performances.<\/p>\n<p>En ce qui concerne la fr\u00e9quence, il faut trouver un \u00e9quilibre pour \u00e9viter que vos nouvelles stories entravent la visibilit\u00e9 des pr\u00e9c\u00e9dentes. Pas plus d\u2019une story par jour, c\u2019est la r\u00e8gle de base.<\/p>\n<p>Ensuite, \u00e0 vous de voir si vous avez assez de mati\u00e8re (pertinente) pour animer de fa\u00e7on quotidienne, hebdomadaire ou mensuelle, votre fil de stories.<\/p>\n<h2>5. Aller au-del\u00e0 de la promotion<\/h2>\n<p>Comme pour toute strat\u00e9gie marketing, \u00e9vitez de promouvoir uniquement vos produits ou offres exceptionnelles en stories. Utilisez ce canal pour montrer une nouvelle facette de votre marque et l\u2019humaniser.<\/p>\n<p>Cherchez des moyens de ravir votre public par un contenu s\u00e9duisant. Par exemple :<\/p>\n<div class=\"su-list\">\n<ul>\n<li>C\u00e9l\u00e9brez les \u00e9tapes importantes de votre entreprise et les nouvelles recrues.<\/li>\n<li>Cr\u00e9ez un teasing amusant et divertissant.<\/li>\n<li>Partagez les\u00a0\u00e9v\u00e9nements\u00a0auxquels vous assistez.<\/li>\n<li>Partagez des conseils pertinents li\u00e9s \u00e0 votre secteur\u00a0: 45% des stories Facebook proposent des astuces ou bonnes pratiques.<\/li>\n<li>Montrez votre \u00e9quipe ou les backstages\u00a0: 43% des stories pr\u00e9f\u00e9r\u00e9es des utilisateurs ont une dimension authentique.<\/li>\n<\/ul>\n<h2>6. Investir dans les Stories Ads<\/h2>\n<p><a href=\"https:\/\/www.facebook.com\/business\/help\/304846896685564?id=2331035843782460\" target=\"_blank\" rel=\"noopener noreferrer\">4 millions<\/a>\u00a0d\u2019annonceurs utilisent les stories Ads de Facebook. Cette fonction vous permet de booster la visibilit\u00e9 de vos messages, en int\u00e9grant d\u2019autres stories.<\/p>\n<p>Avec ce placement, vos images restent 6 secondes et les vid\u00e9os durant 15 secondes. En plus, vous pouvez ajouter le bouton \u00ab\u00a0Voir plus\u00a0\u00bb pour amener les utilisateurs sur votre site.<\/p>\n<p>Enfin, les stories Ads sont tr\u00e8s efficaces\u00a0:<\/p>\n<div class=\"su-list\">\n<ul>\n<li><a href=\"https:\/\/www.facebook.com\/business\/news\/insights\/why-stories-is-a-format-that-can-help-marketers-promote-brands\" target=\"_blank\" rel=\"noopener noreferrer\">56%<\/a>\u00a0des utilisateurs consultent le site web de la marque apr\u00e8s avoir vu le produit en story.<\/li>\n<li>34% s\u2019y rendent pour consulter la fiche produit et en savoir plus.<\/li>\n<\/ul>\n<\/div>\n<\/div>\n<p>\u00a0<\/p>\n<h2>7. Susciter l\u2019engagement<\/h2>\n<p>Pour cr\u00e9er du lien avec vos abonn\u00e9s, organisez des stories interactives. Vous pouvez proposer des\u00a0<a href=\"https:\/\/www.codeur.com\/blog\/etapes-creation-quiz-en-ligne\/\">quiz<\/a>\u00a0et des sondages permettant \u00e0 votre communaut\u00e9 de s\u2019amuser, tout en apprenant des choses.<img decoding=\"async\" src=\"images\/2021-02-06_14h19_02.png\" \/><\/p>\n<p>\u00a0<\/p>\n<p>Plus votre audience sera habitu\u00e9e \u00e0 des publications interactives, plus elle consultera vos stories\u00a0!<\/p>\n<div class=\"su-service\">\n<div class=\"su-service-title\">Pensez-y<\/div>\n<div class=\"su-service-content su-u-clearfix su-u-trim\">Pensez \u00e9galement aux call-to-action disponibles pour, au choix, amener du trafic sur votre site internet, recevoir des appels ou inciter \u00e0 l\u2019achat.<\/div>\n<\/div>\n<p>\u00a0<\/p>\n<p>Facebook stories donne aux marque une occasion de partager des contenus authentiques avec leur communaut\u00e9. Mais aussi de montrer une autre facette de leurs produits, valeurs et services. Profitez-en pour dynamiser votre audience, en proposant des contenus diff\u00e9rents, mais pertinents\u00a0!<\/p>\n<p>Des professionnels des r\u00e9seaux sociaux freelances peuvent vous aider \u00e0 dynamiser votre strat\u00e9gie publicitaire sur les r\u00e9seaux. contactez-nous pour recevoir un devis \u00a0gratuitement.<\/p>\n<\/div>\n","protected":false},"excerpt":{"rendered":"<p>62 %\u00a0des utilisateurs Facebook s\u2019int\u00e9ressent \u00e0 un produit ou une marque apr\u00e8s l\u2019avoir vu dans les stories.\u00a0300 millions\u00a0d\u2019entre eux en postent chaque jour. Les stories Facebook permettent de contourner la baisse continue de la port\u00e9e organique sur la plateforme. Gr\u00e2ce \u00e0 elles, vos abonn\u00e9s gardent un lien avec vos contenus, renfor\u00e7ant ainsi l\u2019engagement et la &hellip; <\/p>\n","protected":false},"author":1,"featured_media":0,"parent":0,"menu_order":0,"comment_status":"closed","ping_status":"closed","template":"","meta":{"footnotes":""},"class_list":["post-42","page","type-page","status-publish","hentry"],"_links":{"self":[{"href":"https:\/\/runadsboost.re\/index.php?rest_route=\/wp\/v2\/pages\/42","targetHints":{"allow":["GET"]}}],"collection":[{"href":"https:\/\/runadsboost.re\/index.php?rest_route=\/wp\/v2\/pages"}],"about":[{"href":"https:\/\/runadsboost.re\/index.php?rest_route=\/wp\/v2\/types\/page"}],"author":[{"embeddable":true,"href":"https:\/\/runadsboost.re\/index.php?rest_route=\/wp\/v2\/users\/1"}],"replies":[{"embeddable":true,"href":"https:\/\/runadsboost.re\/index.php?rest_route=%2Fwp%2Fv2%2Fcomments&post=42"}],"version-history":[{"count":0,"href":"https:\/\/runadsboost.re\/index.php?rest_route=\/wp\/v2\/pages\/42\/revisions"}],"wp:attachment":[{"href":"https:\/\/runadsboost.re\/index.php?rest_route=%2Fwp%2Fv2%2Fmedia&parent=42"}],"curies":[{"name":"wp","href":"https:\/\/api.w.org\/{rel}","templated":true}]}}